{"id":2,"date":"2018-07-14T14:19:22","date_gmt":"2018-07-14T12:19:22","guid":{"rendered":"http:\/\/www.einam.fr\/?page_id=2"},"modified":"2022-08-21T09:08:14","modified_gmt":"2022-08-21T07:08:14","slug":"page-d-exemple","status":"publish","type":"page","link":"https:\/\/www.einam.fr\/?page_id=2","title":{"rendered":"Qui sommes-nous ?"},"content":{"rendered":"<p><img decoding=\"async\" loading=\"lazy\" class=\" wp-image-37 alignright\" src=\"https:\/\/www.einam.fr\/wp-content\/uploads\/2018\/09\/am-1.jpg\" alt=\"Anne Michel\" width=\"143\" height=\"143\" srcset=\"https:\/\/www.einam.fr\/wp-content\/uploads\/2018\/09\/am-1.jpg 200w, https:\/\/www.einam.fr\/wp-content\/uploads\/2018\/09\/am-1-150x150.jpg 150w\" sizes=\"(max-width: 143px) 100vw, 143px\" \/><\/p>\n<p>Anne Michel, <br \/>fondatrice d&#8217;EINAM<\/p>\n<p>\u00a0<\/p>\n<p><strong>Ma formation<\/strong><\/p>\n<p>Une double formation<\/p>\n<p>En psychologie : DESS de psychologie clinique et psychopathologie (Universit\u00e9 Paris V), th\u00e9rapeute cognitive et comportementale (AFTCC).<\/p>\n<p>En ressources humaines : mast\u00e8re sp\u00e9cialis\u00e9 en management des hommes et des organisations (ESCP), consultante \u00e9valuateur de d\u00e9marches sant\u00e9 Qualit\u00e9 de Vie au Travail (certification AFNOR).<\/p>\n<p><strong>Mon parcours<\/strong><\/p>\n<p>Apr\u00e8s une douzaine d\u2019ann\u00e9es en entreprise (ressources humaines, accompagnement humain du changement), je me suis sp\u00e9cialis\u00e9e dans le domaine de la sant\u00e9 psychologique au travail. Au sein d\u2019un cabinet sp\u00e9cialis\u00e9, j\u2019ai accompagn\u00e9 la mise en place de dispositifs de sant\u00e9 au travail dans de nombreuses organisations. J\u2019ai soutenu des \u00e9quipes en souffrance et des salari\u00e9s en situation de mal-\u00eatre ou remis en question par des bouleversements organisationnels et\/ou personnels.<\/p>\n<p>J\u2019exerce \u00e9galement mon activit\u00e9 en cabinet lib\u00e9ral.<\/p>\n<p><strong>Une \u00e9quipe et r\u00e9seau de partenaires<\/strong><\/p>\n<p>Une \u00e9quipe et un r\u00e9seau de partenaires qui permet \u00e0 EINAM d\u2019intervenir rapidement sur diff\u00e9rentes probl\u00e9matiques : psychologue du travail, statisticien, avocat, psychiatre, ost\u00e9opathe.<\/p>\n<p>\u00a0<\/p>\n\n\n<p><\/p>\n","protected":false},"excerpt":{"rendered":"<p>Anne Michel, fondatrice d&#8217;EINAM \u00a0 Ma formation Une double formation En psychologie : DESS de psychologie clinique et psychopathologie (Universit\u00e9 Paris V), th\u00e9rapeute cognitive et comportementale (AFTCC). En ressources humaines : mast\u00e8re sp\u00e9cialis\u00e9 en management des hommes et des organisations (ESCP), consultante \u00e9valuateur de d\u00e9marches sant\u00e9 Qualit\u00e9 de Vie au Travail (certification AFNOR). Mon parcours [&hellip;]<\/p>\n","protected":false},"author":1,"featured_media":0,"parent":0,"menu_order":0,"comment_status":"closed","ping_status":"open","template":"","meta":{"footnotes":""},"_links":{"self":[{"href":"https:\/\/www.einam.fr\/index.php?rest_route=\/wp\/v2\/pages\/2"}],"collection":[{"href":"https:\/\/www.einam.fr\/index.php?rest_route=\/wp\/v2\/pages"}],"about":[{"href":"https:\/\/www.einam.fr\/index.php?rest_route=\/wp\/v2\/types\/page"}],"author":[{"embeddable":true,"href":"https:\/\/www.einam.fr\/index.php?rest_route=\/wp\/v2\/users\/1"}],"replies":[{"embeddable":true,"href":"https:\/\/www.einam.fr\/index.php?rest_route=%2Fwp%2Fv2%2Fcomments&post=2"}],"version-history":[{"count":9,"href":"https:\/\/www.einam.fr\/index.php?rest_route=\/wp\/v2\/pages\/2\/revisions"}],"predecessor-version":[{"id":107,"href":"https:\/\/www.einam.fr\/index.php?rest_route=\/wp\/v2\/pages\/2\/revisions\/107"}],"wp:attachment":[{"href":"https:\/\/www.einam.fr\/index.php?rest_route=%2Fwp%2Fv2%2Fmedia&parent=2"}],"curies":[{"name":"wp","href":"https:\/\/api.w.org\/{rel}","templated":true}]}}